{"id":2823,"date":"2024-02-27T14:06:40","date_gmt":"2024-02-27T19:06:40","guid":{"rendered":"https:\/\/www.novaglobal.com\/temoignages\/"},"modified":"2024-08-07T14:31:31","modified_gmt":"2024-08-07T18:31:31","slug":"faq","status":"publish","type":"page","link":"https:\/\/www.novaglobal.com\/en\/faq\/","title":{"rendered":"FAQ"},"content":{"rendered":"\t\t<div data-elementor-type=\"wp-page\" data-elementor-id=\"2823\" class=\"elementor elementor-2823 elementor-1585\" data-elementor-post-type=\"page\">\n\t\t\t\t<div data-particle_enable=\"false\" data-particle-mobile-disabled=\"false\" class=\"elementor-element elementor-element-27d2b67 e-flex e-con-boxed elementor-invisible e-con e-parent\" data-id=\"27d2b67\" data-element_type=\"container\" data-e-type=\"container\" data-settings=\"{&quot;background_background&quot;:&quot;classic&quot;,&quot;animation&quot;:&quot;fadeIn&quot;,&quot;jet_parallax_layout_list&quot;:[]}\">\n\t\t\t\t\t<div class=\"e-con-inner\">\n\t\t\t\t<div class=\"elementor-element elementor-element-5f5f9bd elementor-widget elementor-widget-heading\" data-id=\"5f5f9bd\" data-element_type=\"widget\" data-e-type=\"widget\" data-widget_type=\"heading.default\">\n\t\t\t\t<div class=\"elementor-widget-container\">\n\t\t\t\t\t<h1 class=\"elementor-heading-title elementor-size-default\">Testimonials<\/h1>\t\t\t\t<\/div>\n\t\t\t\t<\/div>\n\t\t\t\t<div class=\"elementor-element elementor-element-15eb7ad elementor-widget elementor-widget-heading\" data-id=\"15eb7ad\" data-element_type=\"widget\" data-e-type=\"widget\" data-widget_type=\"heading.default\">\n\t\t\t\t<div class=\"elementor-widget-container\">\n\t\t\t\t\t<h1 class=\"elementor-heading-title elementor-size-default\">from Our Community<\/h1>\t\t\t\t<\/div>\n\t\t\t\t<\/div>\n\t\t\t\t\t<\/div>\n\t\t\t\t<\/div>\n\t\t<div data-particle_enable=\"false\" data-particle-mobile-disabled=\"false\" class=\"elementor-element elementor-element-6928862 e-flex e-con-boxed elementor-invisible e-con e-parent\" data-id=\"6928862\" data-element_type=\"container\" data-e-type=\"container\" data-settings=\"{&quot;background_background&quot;:&quot;classic&quot;,&quot;animation&quot;:&quot;fadeIn&quot;,&quot;jet_parallax_layout_list&quot;:[]}\">\n\t\t\t\t\t<div class=\"e-con-inner\">\n\t\t<div data-particle_enable=\"false\" data-particle-mobile-disabled=\"false\" class=\"elementor-element elementor-element-007e493 e-con-full e-flex e-con e-child\" data-id=\"007e493\" data-element_type=\"container\" data-e-type=\"container\" data-settings=\"{&quot;jet_parallax_layout_list&quot;:[]}\">\n\t\t\t\t<div class=\"elementor-element elementor-element-efca0da elementor-widget__width-initial elementor-widget elementor-widget-heading\" data-id=\"efca0da\" data-element_type=\"widget\" data-e-type=\"widget\" data-widget_type=\"heading.default\">\n\t\t\t\t<div class=\"elementor-widget-container\">\n\t\t\t\t\t<h2 class=\"elementor-heading-title elementor-size-default\">They\u2019ve tried the Nova Global experience\u2014and benefit from it every day.<\/h2>\t\t\t\t<\/div>\n\t\t\t\t<\/div>\n\t\t\t\t<\/div>\n\t\t\t\t\t<\/div>\n\t\t\t\t<\/div>\n\t\t<div data-particle_enable=\"false\" data-particle-mobile-disabled=\"false\" class=\"elementor-element elementor-element-a3cb59e e-flex e-con-boxed elementor-invisible e-con e-parent\" data-id=\"a3cb59e\" data-element_type=\"container\" data-e-type=\"container\" data-settings=\"{&quot;animation&quot;:&quot;fadeIn&quot;,&quot;jet_parallax_layout_list&quot;:[]}\">\n\t\t\t\t\t<div class=\"e-con-inner\">\n\t\t<div data-particle_enable=\"false\" data-particle-mobile-disabled=\"false\" class=\"elementor-element elementor-element-9a6127d e-con-full e-flex e-con e-child\" data-id=\"9a6127d\" data-element_type=\"container\" data-e-type=\"container\" data-settings=\"{&quot;jet_parallax_layout_list&quot;:[]}\">\n\t\t\t\t<div class=\"elementor-element elementor-element-964dbb0 elementor-widget elementor-widget-heading\" data-id=\"964dbb0\" data-element_type=\"widget\" data-e-type=\"widget\" data-widget_type=\"heading.default\">\n\t\t\t\t<div class=\"elementor-widget-container\">\n\t\t\t\t\t<h2 class=\"elementor-heading-title elementor-size-default\">Clients<\/h2>\t\t\t\t<\/div>\n\t\t\t\t<\/div>\n\t\t\t\t<div class=\"elementor-element elementor-element-80724df elementor-widget elementor-widget-heading\" data-id=\"80724df\" data-element_type=\"widget\" data-e-type=\"widget\" data-widget_type=\"heading.default\">\n\t\t\t\t<div class=\"elementor-widget-container\">\n\t\t\t\t\t<h3 class=\"elementor-heading-title elementor-size-default\">\u201cHere at Entrepreneuriat Qu\u00e9bec, our work with Nova Global is extremely valuable since both our organizations share the same goal of developing and maximizing people\u2019s personal and professional skills for success. In my opinion, the key to success in business is getting to know and understand yourself better while also recognizing and understanding others. Swissnova\u2019s strategic services really bring this notion to the fore. I feel extremely privileged to work with the Swissnova team and its tools.\u201d\n<\/h3>\t\t\t\t<\/div>\n\t\t\t\t<\/div>\n\t\t\t\t<div class=\"elementor-element elementor-element-a18e465 elementor-widget elementor-widget-text-editor\" data-id=\"a18e465\" data-element_type=\"widget\" data-e-type=\"widget\" data-widget_type=\"text-editor.default\">\n\t\t\t\t<div class=\"elementor-widget-container\">\n\t\t\t\t\t\t\t\t\t\u2013 Micha\u00ebl Gigu\u00e8re, Executive Director of Entrepreneuriat Qu\u00e9bec\t\t\t\t\t\t\t\t<\/div>\n\t\t\t\t<\/div>\n\t\t\t\t<\/div>\n\t\t\t\t\t<\/div>\n\t\t\t\t<\/div>\n\t\t<div data-particle_enable=\"false\" data-particle-mobile-disabled=\"false\" class=\"elementor-element elementor-element-166df83 e-flex e-con-boxed elementor-invisible e-con e-parent\" data-id=\"166df83\" data-element_type=\"container\" data-e-type=\"container\" data-settings=\"{&quot;background_background&quot;:&quot;classic&quot;,&quot;animation&quot;:&quot;fadeIn&quot;,&quot;jet_parallax_layout_list&quot;:[]}\">\n\t\t\t\t\t<div class=\"e-con-inner\">\n\t\t<div data-particle_enable=\"false\" data-particle-mobile-disabled=\"false\" class=\"elementor-element elementor-element-fd15560 e-con-full e-flex e-con e-child\" data-id=\"fd15560\" data-element_type=\"container\" data-e-type=\"container\" data-settings=\"{&quot;jet_parallax_layout_list&quot;:[]}\">\n\t\t\t\t<div class=\"elementor-element elementor-element-de08dc6 elementor-widget elementor-widget-heading\" data-id=\"de08dc6\" data-element_type=\"widget\" data-e-type=\"widget\" data-widget_type=\"heading.default\">\n\t\t\t\t<div class=\"elementor-widget-container\">\n\t\t\t\t\t<h2 class=\"elementor-heading-title elementor-size-default\">Nova <b>Certified<\/b><\/h2>\t\t\t\t<\/div>\n\t\t\t\t<\/div>\n\t\t\t\t<div class=\"elementor-element elementor-element-ed36ad9 elementor-widget elementor-widget-heading\" data-id=\"ed36ad9\" data-element_type=\"widget\" data-e-type=\"widget\" data-widget_type=\"heading.default\">\n\t\t\t\t<div class=\"elementor-widget-container\">\n\t\t\t\t\t<h3 class=\"elementor-heading-title elementor-size-default\">\u201cThe Nova Profile gives me a powerful way to tap into people\u2019s inner wisdom. When working with teams, the Nova Profile builds trust, increases efficiency and helps people work better together. The Nova Profile is a total game changer.\u201d<\/h3>\t\t\t\t<\/div>\n\t\t\t\t<\/div>\n\t\t\t\t<div class=\"elementor-element elementor-element-5550d8c elementor-widget elementor-widget-text-editor\" data-id=\"5550d8c\" data-element_type=\"widget\" data-e-type=\"widget\" data-widget_type=\"text-editor.default\">\n\t\t\t\t<div class=\"elementor-widget-container\">\n\t\t\t\t\t\t\t\t\t\u2013 Dina Bell-Laroche, Ambassador and Professional Coach\t\t\t\t\t\t\t\t<\/div>\n\t\t\t\t<\/div>\n\t\t\t\t<\/div>\n\t\t<div data-particle_enable=\"false\" data-particle-mobile-disabled=\"false\" class=\"elementor-element elementor-element-ac9c6bc e-con-full e-flex e-con e-child\" data-id=\"ac9c6bc\" data-element_type=\"container\" data-e-type=\"container\" data-settings=\"{&quot;jet_parallax_layout_list&quot;:[]}\">\n\t\t\t\t<div class=\"elementor-element elementor-element-b5d4b59 elementor-widget elementor-widget-heading\" data-id=\"b5d4b59\" data-element_type=\"widget\" data-e-type=\"widget\" data-widget_type=\"heading.default\">\n\t\t\t\t<div class=\"elementor-widget-container\">\n\t\t\t\t\t<h3 class=\"elementor-heading-title elementor-size-default\">\u201cThe beauty, power and richness of our relationships lie in the power of sincere intentions borne out by actions, words and behaviours that are mindful of ourselves and of others. Nova is all about the magic of being true to who you are! It brings peace to your heart, body, and mind. Peace in your words and your thoughts. Novast\u00e9.\u201d\n<\/h3>\t\t\t\t<\/div>\n\t\t\t\t<\/div>\n\t\t\t\t<div class=\"elementor-element elementor-element-3dc760b elementor-widget elementor-widget-text-editor\" data-id=\"3dc760b\" data-element_type=\"widget\" data-e-type=\"widget\" data-widget_type=\"text-editor.default\">\n\t\t\t\t<div class=\"elementor-widget-container\">\n\t\t\t\t\t\t\t\t\t\u2013 Karine Lessard, Professional Coach\t\t\t\t\t\t\t\t<\/div>\n\t\t\t\t<\/div>\n\t\t\t\t<\/div>\n\t\t<div data-particle_enable=\"false\" data-particle-mobile-disabled=\"false\" class=\"elementor-element elementor-element-324aea6 e-con-full e-flex e-con e-child\" data-id=\"324aea6\" data-element_type=\"container\" data-e-type=\"container\" data-settings=\"{&quot;jet_parallax_layout_list&quot;:[]}\">\n\t\t\t\t<div class=\"elementor-element elementor-element-f670083 elementor-widget elementor-widget-heading\" data-id=\"f670083\" data-element_type=\"widget\" data-e-type=\"widget\" data-widget_type=\"heading.default\">\n\t\t\t\t<div class=\"elementor-widget-container\">\n\t\t\t\t\t<h3 class=\"elementor-heading-title elementor-size-default\">\u201cOur beauty lies in our uniqueness and how we assert it, our ability to value the uniqueness of others and having the wisdom to leverage our synergies. The Nova Tool gives you greater self-awareness and a way to move forward with confidence and conviction. It shines a powerful light to help us see clearly and embrace who we truly are, from our strengths and blind spots to our innermost needs and motivations. I\u2019ve been fortunate to see the transformative power this training can have on dozens of teams. Truly understanding others makes communication more fluid and boosts confidence.\u201d<\/h3>\t\t\t\t<\/div>\n\t\t\t\t<\/div>\n\t\t\t\t<div class=\"elementor-element elementor-element-6709f74 elementor-widget elementor-widget-text-editor\" data-id=\"6709f74\" data-element_type=\"widget\" data-e-type=\"widget\" data-widget_type=\"text-editor.default\">\n\t\t\t\t<div class=\"elementor-widget-container\">\n\t\t\t\t\t\t\t\t\t\u2013 Marco Roy, Ambassador and Professional Coach\t\t\t\t\t\t\t\t<\/div>\n\t\t\t\t<\/div>\n\t\t\t\t<\/div>\n\t\t<div data-particle_enable=\"false\" data-particle-mobile-disabled=\"false\" class=\"elementor-element elementor-element-35b6957 e-con-full e-flex e-con e-child\" data-id=\"35b6957\" data-element_type=\"container\" data-e-type=\"container\" data-settings=\"{&quot;jet_parallax_layout_list&quot;:[]}\">\n\t\t\t\t<div class=\"elementor-element elementor-element-4866a32 elementor-widget elementor-widget-heading\" data-id=\"4866a32\" data-element_type=\"widget\" data-e-type=\"widget\" data-widget_type=\"heading.default\">\n\t\t\t\t<div class=\"elementor-widget-container\">\n\t\t\t\t\t<h3 class=\"elementor-heading-title elementor-size-default\">\u201cFor the past 6 years, I have chosen the Nova Profile as a coaching tool for my clients. The motivational section is, in my opinion, one of the greatest competitive advantages, as is the simplicity of interpretation\/reading, both for the coach and the client. This tool not only allows people to gain awareness and recognize certain winning and limiting patterns, but also focuses on the well-being and fulfillment of the individual based on their \u201cnatural\u201d versus trying to change them into someone they are not.\u201d<\/h3>\t\t\t\t<\/div>\n\t\t\t\t<\/div>\n\t\t\t\t<div class=\"elementor-element elementor-element-03db88f elementor-widget elementor-widget-text-editor\" data-id=\"03db88f\" data-element_type=\"widget\" data-e-type=\"widget\" data-widget_type=\"text-editor.default\">\n\t\t\t\t<div class=\"elementor-widget-container\">\n\t\t\t\t\t\t\t\t\t\u2013 Claudia Lamothe, Consultant and Trainer\t\t\t\t\t\t\t\t<\/div>\n\t\t\t\t<\/div>\n\t\t\t\t<\/div>\n\t\t\t\t\t<\/div>\n\t\t\t\t<\/div>\n\t\t\t\t<\/div>\n\t\t","protected":false},"excerpt":{"rendered":"<p>Testimonials from Our Community They\u2019ve tried the Nova Global experience\u2014and benefit from it every day. Clients \u201cHere at Entrepreneuriat Qu\u00e9bec, our work with Nova Global is extremely valuable since both our organizations share the same goal of developing and maximizing people\u2019s personal and professional skills for success. In my opinion, the key to success in [&hellip;]<\/p>\n","protected":false},"author":1,"featured_media":0,"parent":0,"menu_order":0,"comment_status":"closed","ping_status":"closed","template":"","meta":{"_acf_changed":false,"_seopress_robots_primary_cat":"","_seopress_titles_title":"FAQ | Nova Global","_seopress_titles_desc":"They\u2019ve tried the Nova Global experience\u2014and benefit from it every day. See what members of our community have to say. Read the testimonials!","_seopress_robots_index":"","content-type":"","footnotes":""},"class_list":["post-2823","page","type-page","status-publish","hentry"],"acf":[],"_links":{"self":[{"href":"https:\/\/www.novaglobal.com\/en\/wp-json\/wp\/v2\/pages\/2823","targetHints":{"allow":["GET"]}}],"collection":[{"href":"https:\/\/www.novaglobal.com\/en\/wp-json\/wp\/v2\/pages"}],"about":[{"href":"https:\/\/www.novaglobal.com\/en\/wp-json\/wp\/v2\/types\/page"}],"author":[{"embeddable":true,"href":"https:\/\/www.novaglobal.com\/en\/wp-json\/wp\/v2\/users\/1"}],"replies":[{"embeddable":true,"href":"https:\/\/www.novaglobal.com\/en\/wp-json\/wp\/v2\/comments?post=2823"}],"version-history":[{"count":5,"href":"https:\/\/www.novaglobal.com\/en\/wp-json\/wp\/v2\/pages\/2823\/revisions"}],"predecessor-version":[{"id":3878,"href":"https:\/\/www.novaglobal.com\/en\/wp-json\/wp\/v2\/pages\/2823\/revisions\/3878"}],"wp:attachment":[{"href":"https:\/\/www.novaglobal.com\/en\/wp-json\/wp\/v2\/media?parent=2823"}],"curies":[{"name":"wp","href":"https:\/\/api.w.org\/{rel}","templated":true}]}}